{"id":609,"date":"2012-06-02T03:55:55","date_gmt":"2012-06-02T03:55:55","guid":{"rendered":"http:\/\/boloandclaus.com\/web\/?page_id=609"},"modified":"2022-11-08T16:08:17","modified_gmt":"2022-11-08T16:08:17","slug":"colegios","status":"publish","type":"page","link":"http:\/\/boloandclaus.com\/web\/?page_id=609","title":{"rendered":"Colegios"},"content":{"rendered":"<p><\/p>\n<h1 style=\"text-align: center;\"><span style=\"font-size: 16px;\">*<\/span><\/h1>\n<h3 style=\"text-align: center;\"><img loading=\"lazy\" decoding=\"async\" class=\"aligncenter size-full wp-image-3236\" src=\"http:\/\/boloandclaus.com\/web\/wp-content\/uploads\/2021\/04\/PIZARRA-3-copia-2.jpg\" alt=\"\" width=\"491\" height=\"334\" srcset=\"http:\/\/boloandclaus.com\/web\/wp-content\/uploads\/2021\/04\/PIZARRA-3-copia-2.jpg 491w, http:\/\/boloandclaus.com\/web\/wp-content\/uploads\/2021\/04\/PIZARRA-3-copia-2-300x204.jpg 300w\" sizes=\"auto, (max-width: 491px) 100vw, 491px\" \/><\/h3>\n<p style=\"text-align: center;\">*<\/p>\n<p><img loading=\"lazy\" decoding=\"async\" class=\"aligncenter wp-image-3329\" src=\"http:\/\/boloandclaus.com\/web\/wp-content\/uploads\/2021\/04\/PIZARRA-1-copia-7.jpg\" alt=\"\" width=\"700\" height=\"122\" srcset=\"http:\/\/boloandclaus.com\/web\/wp-content\/uploads\/2021\/04\/PIZARRA-1-copia-7.jpg 832w, http:\/\/boloandclaus.com\/web\/wp-content\/uploads\/2021\/04\/PIZARRA-1-copia-7-300x52.jpg 300w, http:\/\/boloandclaus.com\/web\/wp-content\/uploads\/2021\/04\/PIZARRA-1-copia-7-768x134.jpg 768w\" sizes=\"auto, (max-width: 700px) 100vw, 700px\" \/><\/p>\n<h1 style=\"text-align: center;\">*<\/h1>\n<h1 style=\"text-align: center;\">LA FERIA<\/h1>\n<h3 style=\"text-align: center;\">\u00a0Espect\u00e1culo dirigido a ni\u00f1os y ni\u00f1as<\/h3>\n<h3 style=\"text-align: center;\"><b>de Segundo Ciclo de Educaci\u00f3n Infantil y hasta Cuarto de Primaria.<\/b><\/h3>\n<p style=\"text-align: center;\"><img loading=\"lazy\" decoding=\"async\" class=\"aligncenter wp-image-3468\" src=\"http:\/\/boloandclaus.com\/web\/wp-content\/uploads\/2022\/11\/LA-FERIA-0.6-copia-1024x506.jpg\" alt=\"\" width=\"700\" height=\"346\" srcset=\"http:\/\/boloandclaus.com\/web\/wp-content\/uploads\/2022\/11\/LA-FERIA-0.6-copia-1024x506.jpg 1024w, http:\/\/boloandclaus.com\/web\/wp-content\/uploads\/2022\/11\/LA-FERIA-0.6-copia-300x148.jpg 300w, http:\/\/boloandclaus.com\/web\/wp-content\/uploads\/2022\/11\/LA-FERIA-0.6-copia-768x379.jpg 768w, http:\/\/boloandclaus.com\/web\/wp-content\/uploads\/2022\/11\/LA-FERIA-0.6-copia-1536x759.jpg 1536w, http:\/\/boloandclaus.com\/web\/wp-content\/uploads\/2022\/11\/LA-FERIA-0.6-copia-2048x1012.jpg 2048w\" sizes=\"auto, (max-width: 700px) 100vw, 700px\" \/><\/p>\n<p style=\"text-align: center;\"><b>Duraci\u00f3n del espect\u00e1culo: 50 Mnts<\/b><\/p>\n<p style=\"text-align: center;\"><strong>Teatro gestual y <\/strong><b>f\u00edsico.<\/b><\/p>\n<p style=\"padding-left: 160px;\"><a href=\"http:\/\/boloandclaus.com\/web\/?page_id=3438\"><img loading=\"lazy\" decoding=\"async\" class=\"wp-image-2964 alignleft\" src=\"http:\/\/boloandclaus.com\/web\/wp-content\/uploads\/2021\/02\/textura-blanca-del-fondo-4279591-300x95.jpg\" alt=\"\" width=\"159\" height=\"50\" \/><\/a><a href=\"http:\/\/boloandclaus.com\/web\/?page_id=3294\"><img loading=\"lazy\" decoding=\"async\" class=\"wp-image-2969 alignleft\" src=\"http:\/\/boloandclaus.com\/web\/wp-content\/uploads\/2021\/02\/textura-blanca-del-fondo-4279591-2-300x95.jpg\" alt=\"\" width=\"159\" height=\"50\" srcset=\"http:\/\/boloandclaus.com\/web\/wp-content\/uploads\/2021\/02\/textura-blanca-del-fondo-4279591-2-300x95.jpg 300w, http:\/\/boloandclaus.com\/web\/wp-content\/uploads\/2021\/02\/textura-blanca-del-fondo-4279591-2-768x242.jpg 768w, http:\/\/boloandclaus.com\/web\/wp-content\/uploads\/2021\/02\/textura-blanca-del-fondo-4279591-2.jpg 800w\" sizes=\"auto, (max-width: 159px) 100vw, 159px\" \/><\/a><a href=\"http:\/\/boloandclaus.com\/web\/?page_id=3279\"><img loading=\"lazy\" decoding=\"async\" class=\"wp-image-2968 alignleft\" src=\"http:\/\/boloandclaus.com\/web\/wp-content\/uploads\/2021\/02\/textura-blanca-del-fondo-4279591-1-300x95.jpg\" alt=\"\" width=\"159\" height=\"50\" srcset=\"http:\/\/boloandclaus.com\/web\/wp-content\/uploads\/2021\/02\/textura-blanca-del-fondo-4279591-1-300x95.jpg 300w, http:\/\/boloandclaus.com\/web\/wp-content\/uploads\/2021\/02\/textura-blanca-del-fondo-4279591-1-768x242.jpg 768w, http:\/\/boloandclaus.com\/web\/wp-content\/uploads\/2021\/02\/textura-blanca-del-fondo-4279591-1.jpg 800w\" sizes=\"auto, (max-width: 159px) 100vw, 159px\" \/><\/a><\/p>\n<h3 style=\"text-align: center;\"><\/h3>\n<p>&nbsp;<\/p>\n<p>&nbsp;<\/p>\n<p>&nbsp;<\/p>\n<h1 style=\"text-align: center;\">*<\/h1>\n<h1 style=\"text-align: center;\">BOLO Y CLAUS<\/h1>\n<h1 style=\"text-align: center;\">EN BUSCA DEL GRAN DRAG\u00d3N VERDE<\/h1>\n<h3 style=\"text-align: center;\">Espect\u00e1culo dirigido a ni\u00f1os y ni\u00f1as<\/h3>\n<h3 style=\"text-align: center;\"><b>de Segundo Ciclo de Educaci\u00f3n Infantil y hasta Cuarto de Primaria.<\/b><\/h3>\n<p><img loading=\"lazy\" decoding=\"async\" class=\"aligncenter wp-image-2445\" src=\"http:\/\/boloandclaus.com\/web\/wp-content\/uploads\/2012\/05\/Bolo-y-Claus-2-copia-copia-1024x631.jpg\" alt=\"Bolo y Claus. Payasos\" width=\"700\" height=\"389\" \/><\/p>\n<p style=\"text-align: center;\"><b>Duraci\u00f3n del espect\u00e1culo: 50 Mnts<\/b><\/p>\n<p style=\"text-align: center;\"><strong>Idiomas: castellano\u00a0 e\u00a0 ingl\u00e9s<\/strong><strong>.<\/strong><\/p>\n<p style=\"padding-left: 160px;\"><a href=\"http:\/\/boloandclaus.com\/web\/?page_id=2844\"><img loading=\"lazy\" decoding=\"async\" class=\"wp-image-2964 alignleft\" src=\"http:\/\/boloandclaus.com\/web\/wp-content\/uploads\/2021\/02\/textura-blanca-del-fondo-4279591-300x95.jpg\" alt=\"\" width=\"159\" height=\"50\" \/><\/a><a href=\"http:\/\/boloandclaus.com\/web\/?page_id=3308\"><img loading=\"lazy\" decoding=\"async\" class=\"wp-image-2969 alignleft\" src=\"http:\/\/boloandclaus.com\/web\/wp-content\/uploads\/2021\/02\/textura-blanca-del-fondo-4279591-2-300x95.jpg\" alt=\"\" width=\"159\" height=\"50\" srcset=\"http:\/\/boloandclaus.com\/web\/wp-content\/uploads\/2021\/02\/textura-blanca-del-fondo-4279591-2-300x95.jpg 300w, http:\/\/boloandclaus.com\/web\/wp-content\/uploads\/2021\/02\/textura-blanca-del-fondo-4279591-2-768x242.jpg 768w, http:\/\/boloandclaus.com\/web\/wp-content\/uploads\/2021\/02\/textura-blanca-del-fondo-4279591-2.jpg 800w\" sizes=\"auto, (max-width: 159px) 100vw, 159px\" \/><\/a><a href=\"http:\/\/boloandclaus.com\/web\/?page_id=3303\"><img loading=\"lazy\" decoding=\"async\" class=\"wp-image-2968 alignleft\" src=\"http:\/\/boloandclaus.com\/web\/wp-content\/uploads\/2021\/02\/textura-blanca-del-fondo-4279591-1-300x95.jpg\" alt=\"\" width=\"159\" height=\"50\" srcset=\"http:\/\/boloandclaus.com\/web\/wp-content\/uploads\/2021\/02\/textura-blanca-del-fondo-4279591-1-300x95.jpg 300w, http:\/\/boloandclaus.com\/web\/wp-content\/uploads\/2021\/02\/textura-blanca-del-fondo-4279591-1-768x242.jpg 768w, http:\/\/boloandclaus.com\/web\/wp-content\/uploads\/2021\/02\/textura-blanca-del-fondo-4279591-1.jpg 800w\" sizes=\"auto, (max-width: 159px) 100vw, 159px\" \/><\/a><\/p>\n<h1><\/h1>\n<p>&nbsp;<\/p>\n<p>&nbsp;<\/p>\n<p>&nbsp;<\/p>\n<h1 style=\"text-align: center;\"><\/h1>\n<h1 style=\"text-align: center;\">*<\/h1>\n<h2 style=\"text-align: center;\"><a title=\"TEATRO EN INGL\u00c9S\" href=\"http:\/\/boloandclaus.com\/web\/?page_id=2078\" rel=\"attachment wp-att-2067\"><img loading=\"lazy\" decoding=\"async\" class=\"aligncenter wp-image-2067\" src=\"http:\/\/boloandclaus.com\/web\/wp-content\/uploads\/2012\/06\/6868768079_dd8bd0faec_b-Copy-21-300x96.jpg\" alt=\"6868768079_dd8bd0faec_b - Copy (2)\" width=\"464\" height=\"150\" srcset=\"http:\/\/boloandclaus.com\/web\/wp-content\/uploads\/2012\/06\/6868768079_dd8bd0faec_b-Copy-21-300x96.jpg 300w, http:\/\/boloandclaus.com\/web\/wp-content\/uploads\/2012\/06\/6868768079_dd8bd0faec_b-Copy-21.jpg 1024w\" sizes=\"auto, (max-width: 464px) 100vw, 464px\" \/><\/a><\/h2>\n<h1 style=\"text-align: center;\">*<\/h1>\n<p><a href=\"http:\/\/boloandclaus.com\/web\/?attachment_id=2063\" rel=\"attachment wp-att-2063\">\u00a0<\/a><\/p>","protected":false},"excerpt":{"rendered":"<p>* * * LA FERIA \u00a0Espect\u00e1culo dirigido a ni\u00f1os y ni\u00f1as de Segundo Ciclo de Educaci\u00f3n Infantil y hasta Cuarto de Primaria. Duraci\u00f3n del espect\u00e1culo: 50 Mnts Teatro gestual y f\u00edsico. &nbsp; &nbsp; &nbsp; * BOLO Y CLAUS EN BUSCA DEL GRAN DRAG\u00d3N VERDE Espect\u00e1culo dirigido a ni\u00f1os y ni\u00f1as de Segundo Ciclo de Educaci\u00f3n [&hellip;]<\/p>\n","protected":false},"author":1,"featured_media":0,"parent":0,"menu_order":0,"comment_status":"open","ping_status":"open","template":"","meta":{"footnotes":""},"class_list":["post-609","page","type-page","status-publish","hentry"],"_links":{"self":[{"href":"http:\/\/boloandclaus.com\/web\/index.php?rest_route=\/wp\/v2\/pages\/609","targetHints":{"allow":["GET"]}}],"collection":[{"href":"http:\/\/boloandclaus.com\/web\/index.php?rest_route=\/wp\/v2\/pages"}],"about":[{"href":"http:\/\/boloandclaus.com\/web\/index.php?rest_route=\/wp\/v2\/types\/page"}],"author":[{"embeddable":true,"href":"http:\/\/boloandclaus.com\/web\/index.php?rest_route=\/wp\/v2\/users\/1"}],"replies":[{"embeddable":true,"href":"http:\/\/boloandclaus.com\/web\/index.php?rest_route=%2Fwp%2Fv2%2Fcomments&post=609"}],"version-history":[{"count":124,"href":"http:\/\/boloandclaus.com\/web\/index.php?rest_route=\/wp\/v2\/pages\/609\/revisions"}],"predecessor-version":[{"id":3472,"href":"http:\/\/boloandclaus.com\/web\/index.php?rest_route=\/wp\/v2\/pages\/609\/revisions\/3472"}],"wp:attachment":[{"href":"http:\/\/boloandclaus.com\/web\/index.php?rest_route=%2Fwp%2Fv2%2Fmedia&parent=609"}],"curies":[{"name":"wp","href":"https:\/\/api.w.org\/{rel}","templated":true}]}}