{"id":420,"date":"2012-05-23T18:23:47","date_gmt":"2012-05-23T18:23:47","guid":{"rendered":"http:\/\/boloandclaus.com\/?page_id=420"},"modified":"2022-11-09T14:45:40","modified_gmt":"2022-11-09T14:45:40","slug":"christian-hartwig-biografia","status":"publish","type":"page","link":"http:\/\/boloandclaus.com\/web\/?page_id=420","title":{"rendered":"Christian Hartwig \/ Claus"},"content":{"rendered":"<p><\/p>\n<p style=\"text-align: center;\"><img loading=\"lazy\" decoding=\"async\" class=\"aligncenter wp-image-3443\" src=\"http:\/\/boloandclaus.com\/web\/wp-content\/uploads\/2022\/11\/LA-FERIA-0.4-1-1024x734.jpg\" alt=\"\" width=\"600\" height=\"430\" srcset=\"http:\/\/boloandclaus.com\/web\/wp-content\/uploads\/2022\/11\/LA-FERIA-0.4-1-1024x734.jpg 1024w, http:\/\/boloandclaus.com\/web\/wp-content\/uploads\/2022\/11\/LA-FERIA-0.4-1-300x215.jpg 300w, http:\/\/boloandclaus.com\/web\/wp-content\/uploads\/2022\/11\/LA-FERIA-0.4-1-768x550.jpg 768w, http:\/\/boloandclaus.com\/web\/wp-content\/uploads\/2022\/11\/LA-FERIA-0.4-1-1536x1101.jpg 1536w, http:\/\/boloandclaus.com\/web\/wp-content\/uploads\/2022\/11\/LA-FERIA-0.4-1-2048x1468.jpg 2048w\" sizes=\"auto, (max-width: 600px) 100vw, 600px\" \/><\/p>\n<p style=\"text-align: justify;\">Actor y clown, nacido en Madrid, Espa\u00f1a.<\/p>\n<p style=\"text-align: justify;\">Estudio Ciencias Pol\u00edticas y de la Administraci\u00f3n en la Universidad Complutense de Madrid y en la Universidad de Humboldt en Berlin. Inicia sus estudios de interpretaci\u00f3n en Madrid con Marina Wainer y Juan Carlos Montagna.<\/p>\n<p style=\"text-align: justify;\">Estudia diferentes estilos de danza en escuelas como El Horno, Danzas del Mundo y Carmen Senra. Trabaja como actor y modelo para la agencia Kailash y participa en una serie de cortometrajes entre los que cabe destacar Room 4 Rent dirigido por Shermin Vogshmir.<\/p>\n<p style=\"text-align: justify;\">En 2005 viaja a la ciudad de Nueva York y completa su formaci\u00f3n actoral en la escuela de HB Studio con maestros como Austin Pendleton, Carol Rosenfeld, Aleksey Burago o Rochelle Oliver.<\/p>\n<p style=\"text-align: justify;\">Estudia t\u00e9cnicas de doblaje con el maestro Manuel Herrera y trabaja para la compa\u00f1\u00eda NY Audioworks doblando diferentes cl\u00e1sicos de dibujos animados para el mercado espa\u00f1ol.<\/p>\n<p style=\"text-align: justify;\">Como actor ha trabajado para compa\u00f1\u00edas como NewVillage Productions , HB Playwrights Foundation y Repertorio Espa\u00f1ol participando en producciones como Sweet Charity de Neil Simons, My mother told me I was different de Carol Polcovar, La muerte de un funcionario p\u00fablico de Anton Chejov o La vida es sue\u00f1o de Calderon de la Barca.<\/p>\n<p style=\"text-align: justify;\">Entre sus trabajos m\u00e1s destacados podemos se\u00f1alar Algodon de Azucar, escrita y dirigida por Diana Chery Ram\u00edrez producida por Teatro Circulo o Playgrounded, escrita y dirigida por Irina Abraham Elenianova producida por HB Studio Playwrights Foundation.<\/p>\n<p style=\"text-align: justify;\">En 2010 comienza su entrenamiento de payaso junto a Pedro Serka. Despu\u00e9s de un a\u00f1o trabajando en hospitales, parques, eventos y funciones ben\u00e9ficas, presenta oficialmente la creaci\u00f3n de su payaso Claus en el estreno del espect\u00e1culo Bolo y Claus en busca de El Gran Dragon Verde en la Spanish Benevolent Society de Nueva York.<\/p>\n<p style=\"text-align: justify;\"><strong><a href=\"http:\/\/boloandclaus.com\/web\/?page_id=120\">VOLVER<\/a><\/strong><\/p>\n<p><\/p>","protected":false},"excerpt":{"rendered":"<p>Actor y clown, nacido en Madrid, Espa\u00f1a. Estudio Ciencias Pol\u00edticas y de la Administraci\u00f3n en la Universidad Complutense de Madrid y en la Universidad de Humboldt en Berlin. Inicia sus estudios de interpretaci\u00f3n en Madrid con Marina Wainer y Juan Carlos Montagna. Estudia diferentes estilos de danza en escuelas como El Horno, Danzas del Mundo [&hellip;]<\/p>\n","protected":false},"author":2,"featured_media":0,"parent":120,"menu_order":0,"comment_status":"closed","ping_status":"closed","template":"","meta":{"footnotes":""},"class_list":["post-420","page","type-page","status-publish","hentry"],"_links":{"self":[{"href":"http:\/\/boloandclaus.com\/web\/index.php?rest_route=\/wp\/v2\/pages\/420","targetHints":{"allow":["GET"]}}],"collection":[{"href":"http:\/\/boloandclaus.com\/web\/index.php?rest_route=\/wp\/v2\/pages"}],"about":[{"href":"http:\/\/boloandclaus.com\/web\/index.php?rest_route=\/wp\/v2\/types\/page"}],"author":[{"embeddable":true,"href":"http:\/\/boloandclaus.com\/web\/index.php?rest_route=\/wp\/v2\/users\/2"}],"replies":[{"embeddable":true,"href":"http:\/\/boloandclaus.com\/web\/index.php?rest_route=%2Fwp%2Fv2%2Fcomments&post=420"}],"version-history":[{"count":20,"href":"http:\/\/boloandclaus.com\/web\/index.php?rest_route=\/wp\/v2\/pages\/420\/revisions"}],"predecessor-version":[{"id":3498,"href":"http:\/\/boloandclaus.com\/web\/index.php?rest_route=\/wp\/v2\/pages\/420\/revisions\/3498"}],"up":[{"embeddable":true,"href":"http:\/\/boloandclaus.com\/web\/index.php?rest_route=\/wp\/v2\/pages\/120"}],"wp:attachment":[{"href":"http:\/\/boloandclaus.com\/web\/index.php?rest_route=%2Fwp%2Fv2%2Fmedia&parent=420"}],"curies":[{"name":"wp","href":"https:\/\/api.w.org\/{rel}","templated":true}]}}