{"id":3308,"date":"2021-04-21T18:15:54","date_gmt":"2021-04-21T18:15:54","guid":{"rendered":"http:\/\/boloandclaus.com\/web\/?page_id=3308"},"modified":"2021-04-21T18:35:47","modified_gmt":"2021-04-21T18:35:47","slug":"dossier-escolar-dragon-verde","status":"publish","type":"page","link":"http:\/\/boloandclaus.com\/web\/?page_id=3308","title":{"rendered":"DOSSIER ESCOLAR DRAG\u00d3N VERDE"},"content":{"rendered":"<p>&nbsp;<\/p>\n<h2 style=\"text-align: center;\"><strong>SINOPSIS DEL ESPECT\u00c1CULO<\/strong><\/h2>\n<p style=\"text-align: center;\">El Gran Drag\u00f3n Verde es el guardi\u00e1n de un tesoro y le encanta compartirlo con sus amigos.<\/p>\n<p style=\"text-align: center;\">Pero este drag\u00f3n es muy dif\u00edcil de encontrar ya que siempre est\u00e1 escondido. Hay quienes dicen que se esconde en el interior de un huevo.<\/p>\n<p style=\"text-align: center;\">Para encontrarle viajamos hasta el planeta Tierra, sobrevolamos oc\u00e9anos y continentes hasta llegar a una misteriosa isla habitada por\u00a0 criaturas como hadas, monstruos, elfos y una bruja.<\/p>\n<p style=\"text-align: center;\">A la ma\u00f1ana siguiente, el Gran Drag\u00f3n Verde decide salir del huevo y compartir el tesoro con sus nuevos amigos.<\/p>\n<h2 style=\"text-align: center;\">*<\/h2>\n<h2 style=\"text-align: center;\"><strong>EL ESPECT\u00c1CULO<\/strong><\/h2>\n<p style=\"text-align: center;\">Es un espect\u00e1culo interactivo, basado en la figura del payaso y con una duraci\u00f3n de 50 minutos.<\/p>\n<p style=\"text-align: center;\">El lenguaje verbal utilizado en el espect\u00e1culo es claro y elemental, con una estructura comprensible y directa.<\/p>\n<p style=\"text-align: center;\">El desarrollo de los personajes y los conflictos que se establecen est\u00e1n estructurados y desarrollados desde la perspectiva, niveles de comprensi\u00f3n, atenci\u00f3n e intereses de un ni\u00f1o peque\u00f1o.<\/p>\n<p style=\"text-align: center;\">El lenguaje corporal y visual son dos aspectos de esta creaci\u00f3n que est\u00e1n desarrollados en profundidad como herramientas de expresi\u00f3n.<\/p>\n<p style=\"text-align: center;\">La acci\u00f3n se desarrolla en medio de un universo en el que la m\u00fasica, la magia, los t\u00edteres y los cuentos son ingredientes esenciales, convirtiendo este espect\u00e1culo en una experiencia de inter\u00e9s cultural, art\u00edstico y pedag\u00f3gico.<\/p>\n<p>&nbsp;<\/p>\n<h3><span style=\"color: #00ffff;\"><b>\u00a0<\/b><b>NECESIDADES T\u00c9CNICAS: <\/b><\/span><\/h3>\n<p><b>1<\/b> Espacio esc\u00e9nico m\u00ednimo de 5 metros de ancho por 4 metros de fondo.<\/p>\n<p><b>2<\/b> Un equipo de sonido que cuente con lector de CD.<\/p>\n<p><b>3<\/b> Es necesario contar con dos tomas de corriente cercanas al escenario.<\/p>\n<p><b>4<\/b> Un espacio habilitado para poder cambiarnos.<\/p>\n<p><b>5<\/b> Tiempo m\u00ednimo para montar la escenograf\u00eda: Dos horas.<\/p>\n<p><b>6<\/b> Tiempo para desmontar la escenograf\u00eda: Una hora.<\/p>\n<p>Si vuestro centro tiene alg\u00fan convenio con\u00a0 un Centro Cultural que le facilite un espacio para la representaci\u00f3n, solo ten\u00e9is que ponernos en contacto con el responsable del centro y nosotros nos encargamos de plantear nuestras necesidades t\u00e9cnicas.<\/p>\n<h3><span style=\"text-decoration: underline; color: #00ffff;\"><b>2.0 UNIDAD DID\u00c1CTICA DEL ESPECT\u00c1CULO<\/b><\/span><\/h3>\n<p>La Unidad Did\u00e1ctica contiene una serie de actividades relacionadas con la obra de teatro para que se realicen antes y despu\u00e9s de haber presenciado el espect\u00e1culo. De esta forma la experiencia del teatro en ingl\u00e9s se puede seguir desarrollando en el aula. Todas las actividades han sido creadas para reforzar el conocimiento, comprensi\u00f3n y niveles de expresi\u00f3n de los ni\u00f1os en ingl\u00e9s. La Unidad Did\u00e1ctica cuenta con actividades diferentes para cada uno de los ciclos a los que va dirigido el espect\u00e1culo y ser\u00e1 el profesor el encargado de seleccionarlas, dirigirlas y si es conveniente adaptarlas a sus alumnos.<\/p>\n<p>La Unidad Did\u00e1ctica la entregaremos en formato PDF mediante correo electr\u00f3nico antes de la representaci\u00f3n. Siempre escuchamos las propuestas de los profesores a la hora de sugerir o incluir nuevas actividades.<\/p>\n<h3><span style=\"text-decoration: underline; color: #00ffff;\"><b>2.1 ACTIVIDADES DE NUESTRA UNIDAD DID\u00c1CTICA<\/b><\/span><\/h3>\n<p>Todas las actividades cuentan con instrucciones en ingl\u00e9s y en castellano.<\/p>\n<p>Est\u00e1n dise\u00f1adas en formato de papel A4 y en su mayor\u00eda en blanco y negro.<\/p>\n<p>Si el profesor lo solicita, tambi\u00e9n podemos aportar fotograf\u00edas de los payasos y del espect\u00e1culo.<\/p>\n<p>Adjuntamos en este dosier la descripci\u00f3n de cada actividad y algunos ejemplos de las fichas.<\/p>\n<p>Las actividades se dividen en dos grupos:<\/p>\n<p><span style=\"text-decoration: underline;\">I ACTIVIDADES PREVIAS AL ESPECT\u00c1CULO<\/span><\/p>\n<p><span style=\"text-decoration: underline;\">II ACTIVIDADES POSTERIORES AL ESPECT\u00c1CULO<\/span><\/p>\n<p>&nbsp;<\/p>\n<p>&nbsp;<\/p>\n<p><a href=\"http:\/\/boloandclaus.com\/web\/?page_id=609\"><img loading=\"lazy\" decoding=\"async\" class=\"aligncenter wp-image-1688\" src=\"http:\/\/boloandclaus.com\/web\/wp-content\/uploads\/2013\/07\/4793193183_1277fb14f0.jpg\" alt=\"\" width=\"151\" height=\"100\" \/><\/a><\/p>","protected":false},"excerpt":{"rendered":"<p>&nbsp; SINOPSIS DEL ESPECT\u00c1CULO El Gran Drag\u00f3n Verde es el guardi\u00e1n de un tesoro y le encanta compartirlo con sus amigos. Pero este drag\u00f3n es muy dif\u00edcil de encontrar ya que siempre est\u00e1 escondido. Hay quienes dicen que se esconde en el interior de un huevo. Para encontrarle viajamos hasta el planeta Tierra, sobrevolamos oc\u00e9anos [&hellip;]<\/p>\n","protected":false},"author":1,"featured_media":0,"parent":0,"menu_order":0,"comment_status":"closed","ping_status":"closed","template":"","meta":{"footnotes":""},"class_list":["post-3308","page","type-page","status-publish","hentry"],"_links":{"self":[{"href":"http:\/\/boloandclaus.com\/web\/index.php?rest_route=\/wp\/v2\/pages\/3308","targetHints":{"allow":["GET"]}}],"collection":[{"href":"http:\/\/boloandclaus.com\/web\/index.php?rest_route=\/wp\/v2\/pages"}],"about":[{"href":"http:\/\/boloandclaus.com\/web\/index.php?rest_route=\/wp\/v2\/types\/page"}],"author":[{"embeddable":true,"href":"http:\/\/boloandclaus.com\/web\/index.php?rest_route=\/wp\/v2\/users\/1"}],"replies":[{"embeddable":true,"href":"http:\/\/boloandclaus.com\/web\/index.php?rest_route=%2Fwp%2Fv2%2Fcomments&post=3308"}],"version-history":[{"count":9,"href":"http:\/\/boloandclaus.com\/web\/index.php?rest_route=\/wp\/v2\/pages\/3308\/revisions"}],"predecessor-version":[{"id":3322,"href":"http:\/\/boloandclaus.com\/web\/index.php?rest_route=\/wp\/v2\/pages\/3308\/revisions\/3322"}],"wp:attachment":[{"href":"http:\/\/boloandclaus.com\/web\/index.php?rest_route=%2Fwp%2Fv2%2Fmedia&parent=3308"}],"curies":[{"name":"wp","href":"https:\/\/api.w.org\/{rel}","templated":true}]}}