{"id":2859,"date":"2021-02-15T09:06:51","date_gmt":"2021-02-15T09:06:51","guid":{"rendered":"http:\/\/boloandclaus.com\/web\/?page_id=2859"},"modified":"2021-04-21T08:21:57","modified_gmt":"2021-04-21T08:21:57","slug":"videos-la-feria","status":"publish","type":"page","link":"http:\/\/boloandclaus.com\/web\/?page_id=2859","title":{"rendered":"VIDEOS LA FERIA"},"content":{"rendered":"<p><\/p>\n<h1 style=\"text-align: center;\">LA FERIA<\/h1>\n<p style=\"text-align: center;\">TEATRO INFANTIL Y FAMILIAR<\/p>\n<h1 style=\"text-align: center;\">*<\/h1>\n<p>&nbsp;<\/p>\n<p><iframe loading=\"lazy\" style=\"display: block; margin: 0 auto;\" src=\"\/\/www.youtube.com\/embed\/O_Q4QJCJrPQ?rel=0\" width=\"640\" height=\"360\" frameborder=\"0\" allowfullscreen=\"allowfullscreen\"><\/iframe><\/p>\n<h1 style=\"text-align: center;\"><strong>GOLIAT<\/strong><\/h1>\n<h1 style=\"text-align: center;\">*<\/h1>\n<p><iframe loading=\"lazy\" style=\"display: block; margin: 0 auto;\" src=\"\/\/www.youtube.com\/embed\/MtzVxjb65po?rel=0\" width=\"640\" height=\"360\" frameborder=\"0\" allowfullscreen=\"allowfullscreen\"><\/iframe><\/p>\n<h1 style=\"text-align: center;\"><strong>LA PANTEDA DOSA<\/strong><\/h1>\n<h1 style=\"text-align: center;\">*<\/h1>\n<p><iframe loading=\"lazy\" style=\"display: block; margin: 0 auto;\" src=\"\/\/www.youtube.com\/embed\/bW1VLp0JSFM?rel=0\" width=\"640\" height=\"360\" frameborder=\"0\" allowfullscreen=\"allowfullscreen\"><\/iframe><\/p>\n<h1 style=\"text-align: center;\"><strong>EL HOMBRE PINZING<\/strong><\/h1>\n<h1 style=\"text-align: center;\">*<\/h1>\n<p><iframe loading=\"lazy\" style=\"display: block; margin: 0 auto;\" src=\"\/\/www.youtube.com\/embed\/IieN7bd7yzs?rel=0\" width=\"640\" height=\"360\" frameborder=\"0\" allowfullscreen=\"allowfullscreen\"><\/iframe><\/p>\n<h1 style=\"text-align: center;\"><strong>MARIO M\u00c1GICO I<\/strong><\/h1>\n<h1 style=\"text-align: center;\">*<\/h1>\n<p><iframe loading=\"lazy\" style=\"display: block; margin: 0 auto;\" src=\"\/\/www.youtube.com\/embed\/-m7tkbLlNm0?rel=0\" width=\"640\" height=\"360\" frameborder=\"0\" allowfullscreen=\"allowfullscreen\"><\/iframe><\/p>\n<h1 style=\"text-align: center;\"><strong>MARIO M\u00c1GICO II<\/strong><\/h1>\n<h1 style=\"text-align: center;\">*<\/h1>\n<p><iframe loading=\"lazy\" style=\"display: block; margin: 0 auto;\" src=\"\/\/www.youtube.com\/embed\/qqOtyF8SBUg?rel=0\" width=\"640\" height=\"360\" frameborder=\"0\" allowfullscreen=\"allowfullscreen\" data-mce-fragment=\"1\"><\/iframe><\/p>\n<h1 style=\"text-align: center;\"><strong>MARIO M\u00c1GICO III<\/strong><\/h1>\n<h1 style=\"text-align: center;\">*<\/h1>\n<p><a href=\"http:\/\/boloandclaus.com\/web\/?page_id=141\"><img loading=\"lazy\" decoding=\"async\" class=\"aligncenter wp-image-1688\" src=\"http:\/\/boloandclaus.com\/web\/wp-content\/uploads\/2013\/07\/4793193183_1277fb14f0.jpg\" alt=\"\" width=\"151\" height=\"100\" \/><\/a><\/p>","protected":false},"excerpt":{"rendered":"<p>LA FERIA TEATRO INFANTIL Y FAMILIAR * &nbsp; GOLIAT * LA PANTEDA DOSA * EL HOMBRE PINZING * MARIO M\u00c1GICO I * MARIO M\u00c1GICO II * MARIO M\u00c1GICO III *<\/p>\n","protected":false},"author":1,"featured_media":0,"parent":0,"menu_order":0,"comment_status":"closed","ping_status":"closed","template":"","meta":{"footnotes":""},"class_list":["post-2859","page","type-page","status-publish","hentry"],"_links":{"self":[{"href":"http:\/\/boloandclaus.com\/web\/index.php?rest_route=\/wp\/v2\/pages\/2859","targetHints":{"allow":["GET"]}}],"collection":[{"href":"http:\/\/boloandclaus.com\/web\/index.php?rest_route=\/wp\/v2\/pages"}],"about":[{"href":"http:\/\/boloandclaus.com\/web\/index.php?rest_route=\/wp\/v2\/types\/page"}],"author":[{"embeddable":true,"href":"http:\/\/boloandclaus.com\/web\/index.php?rest_route=\/wp\/v2\/users\/1"}],"replies":[{"embeddable":true,"href":"http:\/\/boloandclaus.com\/web\/index.php?rest_route=%2Fwp%2Fv2%2Fcomments&post=2859"}],"version-history":[{"count":70,"href":"http:\/\/boloandclaus.com\/web\/index.php?rest_route=\/wp\/v2\/pages\/2859\/revisions"}],"predecessor-version":[{"id":3278,"href":"http:\/\/boloandclaus.com\/web\/index.php?rest_route=\/wp\/v2\/pages\/2859\/revisions\/3278"}],"wp:attachment":[{"href":"http:\/\/boloandclaus.com\/web\/index.php?rest_route=%2Fwp%2Fv2%2Fmedia&parent=2859"}],"curies":[{"name":"wp","href":"https:\/\/api.w.org\/{rel}","templated":true}]}}