{"id":2593,"date":"2016-12-08T20:55:24","date_gmt":"2016-12-08T20:55:24","guid":{"rendered":"http:\/\/boloandclaus.com\/web\/?page_id=2593"},"modified":"2021-02-14T17:37:35","modified_gmt":"2021-02-14T17:37:35","slug":"halloween-pasacalles","status":"publish","type":"page","link":"http:\/\/boloandclaus.com\/web\/?page_id=2593","title":{"rendered":"EL PARAGUAS ENCANTADO"},"content":{"rendered":"<p><\/p>\n<h1 style=\"text-align: center;\">PASACALLES DE HALLOWEEN<\/h1>\n<h1 style=\"text-align: center;\"><span style=\"text-decoration: underline;\">Sinopsis<\/span><\/h1>\n<h3 style=\"text-align: center;\">\u00bfDe d\u00f3nde viene la tradici\u00f3n de las calabazas de Halloween?<\/h3>\n<h3 style=\"text-align: center;\">\u00bfPor qu\u00e9 hacemos el pacto de \u201cTruco o Trato\u201d?<\/h3>\n<h3 style=\"text-align: center;\">Bolo, Claus y Supers\u00f3nica deciden salir la noche de Halloween para descubrirnos estos misterios y pasar una noche terror\u00edficamente divertida.<\/h3>\n<h2><img loading=\"lazy\" decoding=\"async\" class=\"wp-image-2778 aligncenter\" src=\"http:\/\/boloandclaus.com\/web\/wp-content\/uploads\/2021\/02\/G7A2004-copia-1024x566.jpg\" alt=\"\" width=\"600\" height=\"331\" srcset=\"http:\/\/boloandclaus.com\/web\/wp-content\/uploads\/2021\/02\/G7A2004-copia-1024x566.jpg 1024w, http:\/\/boloandclaus.com\/web\/wp-content\/uploads\/2021\/02\/G7A2004-copia-300x166.jpg 300w, http:\/\/boloandclaus.com\/web\/wp-content\/uploads\/2021\/02\/G7A2004-copia-768x424.jpg 768w, http:\/\/boloandclaus.com\/web\/wp-content\/uploads\/2021\/02\/G7A2004-copia-1536x849.jpg 1536w, http:\/\/boloandclaus.com\/web\/wp-content\/uploads\/2021\/02\/G7A2004-copia-2048x1131.jpg 2048w\" sizes=\"auto, (max-width: 600px) 100vw, 600px\" \/><\/h2>\n<h2 style=\"text-align: center;\">*<\/h2>\n<h1 style=\"text-align: center;\"><span style=\"text-decoration: underline;\">Descripci\u00f3n del Pasacalles<\/span><\/h1>\n<p style=\"text-align: center;\">Este es un espect\u00e1culo interactivo en el que todos los habitantes del pueblo pueden participar sin sufrir sobresaltos que impliquen situaciones inc\u00f3modas, especialmente con los m\u00e1s peque\u00f1os.<\/p>\n<p style=\"text-align: center;\">Desde el lenguaje del payaso proponemos vivir la experiencia de re\u00edrse del miedo sin asustarse demasiado.<\/p>\n<p style=\"text-align: center;\">Los payasos recorren las calles asustando y gastando bromas.<\/p>\n<p style=\"text-align: center;\">Sustos y sorpresas, llenos de magia y humor.<\/p>\n<p style=\"text-align: center;\">La escenograf\u00eda m\u00f3vil, definida por un paraguas gigante y decorado con los motivos m\u00e1s caracter\u00edsticos de la fiesta de Halloween, cuenta con un sistema de \u00a0iluminaci\u00f3n propia y de un equipo de sonido m\u00f3vil, que realza el atractivo de este pasacalles, creando una atm\u00f3sfera m\u00e1gica y misteriosa.<\/p>\n<p style=\"text-align: center;\">Finalizado el recorrido por las calles, los payasos se detendr\u00e1n en un parque o en una plaza para representar la leyenda de Jack O\u2019 Lantern.<\/p>\n<p><img loading=\"lazy\" decoding=\"async\" class=\"aligncenter wp-image-2790\" src=\"http:\/\/boloandclaus.com\/web\/wp-content\/uploads\/2021\/02\/G7A1731-1024x611.jpg\" alt=\"\" width=\"600\" height=\"358\" srcset=\"http:\/\/boloandclaus.com\/web\/wp-content\/uploads\/2021\/02\/G7A1731-1024x611.jpg 1024w, http:\/\/boloandclaus.com\/web\/wp-content\/uploads\/2021\/02\/G7A1731-300x179.jpg 300w, http:\/\/boloandclaus.com\/web\/wp-content\/uploads\/2021\/02\/G7A1731-768x458.jpg 768w, http:\/\/boloandclaus.com\/web\/wp-content\/uploads\/2021\/02\/G7A1731-1536x916.jpg 1536w, http:\/\/boloandclaus.com\/web\/wp-content\/uploads\/2021\/02\/G7A1731.jpg 1879w\" sizes=\"auto, (max-width: 600px) 100vw, 600px\" \/><\/p>\n<p>&nbsp;<\/p>\n<h1 style=\"text-align: center;\"><span style=\"text-decoration: underline;\">Necesidades T\u00e9cnicas <\/span><\/h1>\n<p style=\"text-align: center;\">Es indispensable que el recorrido definido por la organizaci\u00f3n est\u00e9 libre de obst\u00e1culos f\u00edsicos, aglomeraciones de personas, etc. para que los tres actores puedan avanzar de manera fluida.<\/p>\n<p style=\"text-align: center;\">1.El pasacalle debe comenzar y terminar en el mismo lugar.<\/p>\n<p style=\"text-align: center;\">2.Camerino o espacio habilitado con tres sillas, espejo y ba\u00f1o cercano al punto de partida.<\/p>\n<p style=\"text-align: center;\">3.Espacio esc\u00e9nico exterior para la representaci\u00f3n de la historia de Jack O\u00b4Lantern. (Lugar de partida y llegada) El espacio m\u00ednimo es de 4 metros de ancho por 4 metros de fondo con un suelo liso y regular.<\/p>\n<p style=\"text-align: center;\">4.Toma de corriente en el espacio esc\u00e9nico.<\/p>\n<p style=\"text-align: center;\">5.<u><\/u><strong><u> Regidor de espacio<\/u><\/strong>&#8211; Ser\u00e1 el encargado de permanecer en el punto definido como espacio esc\u00e9nico, asegurando el material que se haya montado y controlando que el espacio est\u00e9 despejado a la llegada de los actores.<\/p>\n<p style=\"text-align: center;\"><strong>Montaje:<\/strong> Dos horas<\/p>\n<p style=\"text-align: center;\"><strong>Desmontaje:<\/strong> Una hora<\/p>\n<p><img loading=\"lazy\" decoding=\"async\" class=\"aligncenter wp-image-2791\" src=\"http:\/\/boloandclaus.com\/web\/wp-content\/uploads\/2021\/02\/G7A1871-300x181.jpg\" alt=\"\" width=\"600\" height=\"361\" srcset=\"http:\/\/boloandclaus.com\/web\/wp-content\/uploads\/2021\/02\/G7A1871-300x181.jpg 300w, http:\/\/boloandclaus.com\/web\/wp-content\/uploads\/2021\/02\/G7A1871-1024x617.jpg 1024w, http:\/\/boloandclaus.com\/web\/wp-content\/uploads\/2021\/02\/G7A1871-768x462.jpg 768w, http:\/\/boloandclaus.com\/web\/wp-content\/uploads\/2021\/02\/G7A1871-1536x925.jpg 1536w, http:\/\/boloandclaus.com\/web\/wp-content\/uploads\/2021\/02\/G7A1871-2048x1233.jpg 2048w\" sizes=\"auto, (max-width: 600px) 100vw, 600px\" \/><\/p>\n<p style=\"text-align: center;\">*<\/p>\n<p><img loading=\"lazy\" decoding=\"async\" class=\"aligncenter wp-image-2792\" src=\"http:\/\/boloandclaus.com\/web\/wp-content\/uploads\/2021\/02\/G7A1703-300x205.jpg\" alt=\"\" width=\"600\" height=\"409\" srcset=\"http:\/\/boloandclaus.com\/web\/wp-content\/uploads\/2021\/02\/G7A1703-300x205.jpg 300w, http:\/\/boloandclaus.com\/web\/wp-content\/uploads\/2021\/02\/G7A1703-1024x699.jpg 1024w, http:\/\/boloandclaus.com\/web\/wp-content\/uploads\/2021\/02\/G7A1703-768x524.jpg 768w, http:\/\/boloandclaus.com\/web\/wp-content\/uploads\/2021\/02\/G7A1703-1536x1048.jpg 1536w, http:\/\/boloandclaus.com\/web\/wp-content\/uploads\/2021\/02\/G7A1703-2048x1398.jpg 2048w\" sizes=\"auto, (max-width: 600px) 100vw, 600px\" \/><\/p>\n<p style=\"text-align: center;\">*<\/p>\n<p><img loading=\"lazy\" decoding=\"async\" class=\"aligncenter wp-image-2793\" src=\"http:\/\/boloandclaus.com\/web\/wp-content\/uploads\/2021\/02\/G7A1845-300x185.jpg\" alt=\"\" width=\"600\" height=\"370\" srcset=\"http:\/\/boloandclaus.com\/web\/wp-content\/uploads\/2021\/02\/G7A1845-300x185.jpg 300w, http:\/\/boloandclaus.com\/web\/wp-content\/uploads\/2021\/02\/G7A1845-1024x631.jpg 1024w, http:\/\/boloandclaus.com\/web\/wp-content\/uploads\/2021\/02\/G7A1845-768x473.jpg 768w, http:\/\/boloandclaus.com\/web\/wp-content\/uploads\/2021\/02\/G7A1845-1536x946.jpg 1536w, http:\/\/boloandclaus.com\/web\/wp-content\/uploads\/2021\/02\/G7A1845-2048x1261.jpg 2048w\" sizes=\"auto, (max-width: 600px) 100vw, 600px\" \/><\/p>\n<p style=\"text-align: center;\">*<\/p>\n<p><img loading=\"lazy\" decoding=\"async\" class=\"aligncenter wp-image-2794\" src=\"http:\/\/boloandclaus.com\/web\/wp-content\/uploads\/2021\/02\/G7A2009-300x152.jpg\" alt=\"\" width=\"600\" height=\"304\" srcset=\"http:\/\/boloandclaus.com\/web\/wp-content\/uploads\/2021\/02\/G7A2009-300x152.jpg 300w, http:\/\/boloandclaus.com\/web\/wp-content\/uploads\/2021\/02\/G7A2009-1024x519.jpg 1024w, http:\/\/boloandclaus.com\/web\/wp-content\/uploads\/2021\/02\/G7A2009-768x390.jpg 768w, http:\/\/boloandclaus.com\/web\/wp-content\/uploads\/2021\/02\/G7A2009-1536x779.jpg 1536w, http:\/\/boloandclaus.com\/web\/wp-content\/uploads\/2021\/02\/G7A2009-2048x1039.jpg 2048w\" sizes=\"auto, (max-width: 600px) 100vw, 600px\" \/><\/p>\n<p>&nbsp;<\/p>\n<p>&nbsp;<\/p>\n<p><a href=\"http:\/\/boloandclaus.com\/web\/?page_id=141\">VOLVER<\/a><\/p>","protected":false},"excerpt":{"rendered":"<p>PASACALLES DE HALLOWEEN Sinopsis \u00bfDe d\u00f3nde viene la tradici\u00f3n de las calabazas de Halloween? \u00bfPor qu\u00e9 hacemos el pacto de \u201cTruco o Trato\u201d? Bolo, Claus y Supers\u00f3nica deciden salir la noche de Halloween para descubrirnos estos misterios y pasar una noche terror\u00edficamente divertida. * Descripci\u00f3n del Pasacalles Este es un espect\u00e1culo interactivo en el que [&hellip;]<\/p>\n","protected":false},"author":1,"featured_media":0,"parent":0,"menu_order":0,"comment_status":"closed","ping_status":"closed","template":"","meta":{"footnotes":""},"class_list":["post-2593","page","type-page","status-publish","hentry"],"_links":{"self":[{"href":"http:\/\/boloandclaus.com\/web\/index.php?rest_route=\/wp\/v2\/pages\/2593","targetHints":{"allow":["GET"]}}],"collection":[{"href":"http:\/\/boloandclaus.com\/web\/index.php?rest_route=\/wp\/v2\/pages"}],"about":[{"href":"http:\/\/boloandclaus.com\/web\/index.php?rest_route=\/wp\/v2\/types\/page"}],"author":[{"embeddable":true,"href":"http:\/\/boloandclaus.com\/web\/index.php?rest_route=\/wp\/v2\/users\/1"}],"replies":[{"embeddable":true,"href":"http:\/\/boloandclaus.com\/web\/index.php?rest_route=%2Fwp%2Fv2%2Fcomments&post=2593"}],"version-history":[{"count":22,"href":"http:\/\/boloandclaus.com\/web\/index.php?rest_route=\/wp\/v2\/pages\/2593\/revisions"}],"predecessor-version":[{"id":2804,"href":"http:\/\/boloandclaus.com\/web\/index.php?rest_route=\/wp\/v2\/pages\/2593\/revisions\/2804"}],"wp:attachment":[{"href":"http:\/\/boloandclaus.com\/web\/index.php?rest_route=%2Fwp%2Fv2%2Fmedia&parent=2593"}],"curies":[{"name":"wp","href":"https:\/\/api.w.org\/{rel}","templated":true}]}}