{"id":1131,"date":"2012-06-16T02:05:19","date_gmt":"2012-06-16T02:05:19","guid":{"rendered":"http:\/\/boloandclaus.com\/web\/?page_id=1131"},"modified":"2022-11-15T13:48:36","modified_gmt":"2022-11-15T13:48:36","slug":"ficha-tecnica-bolo-y-claus-en-busca-de-el-gran-dragon-verde","status":"publish","type":"page","link":"http:\/\/boloandclaus.com\/web\/?page_id=1131","title":{"rendered":"FICHA T\u00c9CNICA EXTERIORES"},"content":{"rendered":"<p><\/p>\n<h2 style=\"text-align: center;\">Bolo y Claus en busca del Gran\u00a0Drag\u00f3n\u00a0Verde<\/h2>\n<p>.<\/p>\n<p><strong>DURACI\u00d3N DEL ESPECTACULO: 50 MNTS<\/strong><\/p>\n<p><strong>Montaje:<\/strong> 3 horas<\/p>\n<p><strong>Desmontaje:<\/strong> 2 horas<\/p>\n<p>.<\/p>\n<p><strong><u>ILUMINACI\u00d3N\u00a0 <\/u><\/strong><\/p>\n<p>1 Toma de corriente para conectar el material de iluminacion y el equipo de sonido.<\/p>\n<p><span style=\"text-decoration: underline;\"><strong>Representaciones en exterior de noche:<\/strong><\/span><\/p>\n<p>La compa\u00f1\u00eda aportar\u00e1 el material de iluminaci\u00f3n.<\/p>\n<p><strong><span style=\"text-decoration: underline;\">Para representaciones en exterior con luz del d\u00eda no es necesario ning\u00fan tipo de iluminaci\u00f3n adicional.<\/span><\/strong><\/p>\n<p>.<\/p>\n<p><strong><u>SONIDO <\/u><\/strong><\/p>\n<p>La compa\u00f1\u00eda aportar\u00e1 el equipo de sonido.<\/p>\n<p>&nbsp;<\/p>\n<p><strong><u>PERSONAL T\u00c9CNICO <\/u><\/strong><\/p>\n<p><u>1 Regidor de espacio. <\/u><\/p>\n<p>Es indispensable contar con una persona encargada de controlar la escenograf\u00eda y utiler\u00eda mientras los actores est\u00e1n fuera de la escena antes de comenzar la representaci\u00f3n y finalizado el espect\u00e1culo .<\/p>\n<p>.<\/p>\n<p><strong><u>MATERIALES<\/u><\/strong><\/p>\n<p>Escalera de tijera de 1,50 m. de altura (m\u00ednimo)<\/p>\n<p>1 Escoba y recogedor.<\/p>\n<p>Bolsas de basura.<\/p>\n<p>.<\/p>\n<p><strong><u>VESTUARIO<\/u><\/strong><\/p>\n<p>Espacio habilitado con sillas, mesa, espejo y lavabo cercanos al espacio esc\u00e9nico.<\/p>\n<p>.<\/p>\n<p><strong>Contacto para informaci\u00f3n t\u00e9cnica:<\/strong><\/p>\n<p>Pedro Serka<\/p>\n<p>Movil: 633726411<\/p>\n<p>boloandclaus@gmail.com<\/p>\n<h3><a title=\"Bolo y Claus en busca de El Gran Drag\u00f3n Verde\" href=\"http:\/\/boloandclaus.com\/web\/?page_id=463\">Volver<\/a><\/h3>\n<p><\/p>","protected":false},"excerpt":{"rendered":"<p>Bolo y Claus en busca del Gran\u00a0Drag\u00f3n\u00a0Verde . DURACI\u00d3N DEL ESPECTACULO: 50 MNTS Montaje: 3 horas Desmontaje: 2 horas . ILUMINACI\u00d3N\u00a0 1 Toma de corriente para conectar el material de iluminacion y el equipo de sonido. Representaciones en exterior de noche: La compa\u00f1\u00eda aportar\u00e1 el material de iluminaci\u00f3n. Para representaciones en exterior con luz del [&hellip;]<\/p>\n","protected":false},"author":1,"featured_media":0,"parent":463,"menu_order":0,"comment_status":"open","ping_status":"open","template":"","meta":{"footnotes":""},"class_list":["post-1131","page","type-page","status-publish","hentry"],"_links":{"self":[{"href":"http:\/\/boloandclaus.com\/web\/index.php?rest_route=\/wp\/v2\/pages\/1131","targetHints":{"allow":["GET"]}}],"collection":[{"href":"http:\/\/boloandclaus.com\/web\/index.php?rest_route=\/wp\/v2\/pages"}],"about":[{"href":"http:\/\/boloandclaus.com\/web\/index.php?rest_route=\/wp\/v2\/types\/page"}],"author":[{"embeddable":true,"href":"http:\/\/boloandclaus.com\/web\/index.php?rest_route=\/wp\/v2\/users\/1"}],"replies":[{"embeddable":true,"href":"http:\/\/boloandclaus.com\/web\/index.php?rest_route=%2Fwp%2Fv2%2Fcomments&post=1131"}],"version-history":[{"count":16,"href":"http:\/\/boloandclaus.com\/web\/index.php?rest_route=\/wp\/v2\/pages\/1131\/revisions"}],"predecessor-version":[{"id":3505,"href":"http:\/\/boloandclaus.com\/web\/index.php?rest_route=\/wp\/v2\/pages\/1131\/revisions\/3505"}],"up":[{"embeddable":true,"href":"http:\/\/boloandclaus.com\/web\/index.php?rest_route=\/wp\/v2\/pages\/463"}],"wp:attachment":[{"href":"http:\/\/boloandclaus.com\/web\/index.php?rest_route=%2Fwp%2Fv2%2Fmedia&parent=1131"}],"curies":[{"name":"wp","href":"https:\/\/api.w.org\/{rel}","templated":true}]}}