{"id":1127,"date":"2012-06-16T01:38:23","date_gmt":"2012-06-16T01:38:23","guid":{"rendered":"http:\/\/boloandclaus.com\/web\/?page_id=1127"},"modified":"2023-08-07T14:22:24","modified_gmt":"2023-08-07T14:22:24","slug":"ficha-artistica","status":"publish","type":"page","link":"http:\/\/boloandclaus.com\/web\/?page_id=1127","title":{"rendered":"FICHA T\u00c9CNICA SALAS DE TEATRO Y AUDITORIOS"},"content":{"rendered":"<p><\/p>\n<h3 style=\"text-align: center;\"><span style=\"text-decoration: underline;\">BOLO Y CLAUS EN BUSCA DEL GRAN DRAG\u00d3N VERDE<\/span><\/h3>\n<p><em><strong>Tiempo de montaje:<\/strong><\/em> 8 horas<\/p>\n<p><em><strong>Tiempo de desmontaje<\/strong>:<\/em> 2,5 horas<\/p>\n<p><em><strong>Espacio Esc\u00e9nico: <\/strong><\/em>Espacio esc\u00e9nico de 6 mts de ancho y de 8 mts de fondo. C\u00e1mara negra.<\/p>\n<p><em><strong>Iluminaci\u00f3n<\/strong>:<\/em> 39 Focos (PAR: 12\/PC 27\/BARRAS LED 3 )<\/p>\n<p>1 Canal, toma de corriente en el suelo, para conectar ca\u00f1\u00f3n de confeti. Se dispara desde la mesa.<\/p>\n<p>1 Conexi\u00f3n DMX 3 pin en el suelo para activar m\u00e1quina de humo bajo. Se dispara desde la mesa.<\/p>\n<p><em><strong>Sonido: <\/strong><\/em>PA adecuada a la sala. El sonido se dispara desde un Tablet conectado a la mesa de sonido.\u00a0 Conexi\u00f3n Mini Jack a Jack<\/p>\n<p><em><strong>Personal del teatro:<\/strong><\/em> 2 personas<\/p>\n<p>1 T\u00e9cnico de luz y sonido.<\/p>\n<p>1 Asistente T\u00e9cnico<\/p>\n<p><em><strong>Contacto para informaci\u00f3n t\u00e9cnica: <\/strong><\/em><\/p>\n<p>Pedro Serka<\/p>\n<p>Movil: 633726411<\/p>\n<p>boloandclaus@gmail.com<\/p>\n<p><a href=\"http:\/\/boloandclaus.com\/web\/?page_id=463\">VOLVER<\/a><\/p>","protected":false},"excerpt":{"rendered":"<p>BOLO Y CLAUS EN BUSCA DEL GRAN DRAG\u00d3N VERDE Tiempo de montaje: 8 horas Tiempo de desmontaje: 2,5 horas Espacio Esc\u00e9nico: Espacio esc\u00e9nico de 6 mts de ancho y de 8 mts de fondo. C\u00e1mara negra. Iluminaci\u00f3n: 39 Focos (PAR: 12\/PC 27\/BARRAS LED 3 ) 1 Canal, toma de corriente en el suelo, para conectar [&hellip;]<\/p>\n","protected":false},"author":1,"featured_media":0,"parent":463,"menu_order":0,"comment_status":"open","ping_status":"open","template":"","meta":{"footnotes":""},"class_list":["post-1127","page","type-page","status-publish","hentry"],"_links":{"self":[{"href":"http:\/\/boloandclaus.com\/web\/index.php?rest_route=\/wp\/v2\/pages\/1127","targetHints":{"allow":["GET"]}}],"collection":[{"href":"http:\/\/boloandclaus.com\/web\/index.php?rest_route=\/wp\/v2\/pages"}],"about":[{"href":"http:\/\/boloandclaus.com\/web\/index.php?rest_route=\/wp\/v2\/types\/page"}],"author":[{"embeddable":true,"href":"http:\/\/boloandclaus.com\/web\/index.php?rest_route=\/wp\/v2\/users\/1"}],"replies":[{"embeddable":true,"href":"http:\/\/boloandclaus.com\/web\/index.php?rest_route=%2Fwp%2Fv2%2Fcomments&post=1127"}],"version-history":[{"count":21,"href":"http:\/\/boloandclaus.com\/web\/index.php?rest_route=\/wp\/v2\/pages\/1127\/revisions"}],"predecessor-version":[{"id":3522,"href":"http:\/\/boloandclaus.com\/web\/index.php?rest_route=\/wp\/v2\/pages\/1127\/revisions\/3522"}],"up":[{"embeddable":true,"href":"http:\/\/boloandclaus.com\/web\/index.php?rest_route=\/wp\/v2\/pages\/463"}],"wp:attachment":[{"href":"http:\/\/boloandclaus.com\/web\/index.php?rest_route=%2Fwp%2Fv2%2Fmedia&parent=1127"}],"curies":[{"name":"wp","href":"https:\/\/api.w.org\/{rel}","templated":true}]}}