{"id":104,"date":"2012-05-10T06:05:28","date_gmt":"2012-05-10T06:05:28","guid":{"rendered":"http:\/\/boloandclaus.wordpress.com\/?page_id=104"},"modified":"2022-11-09T14:34:40","modified_gmt":"2022-11-09T14:34:40","slug":"contacto-5","status":"publish","type":"page","link":"http:\/\/boloandclaus.com\/web\/?page_id=104","title":{"rendered":"Contacto"},"content":{"rendered":"<p><\/p>\n<p style=\"text-align: center;\"><img loading=\"lazy\" decoding=\"async\" class=\"aligncenter wp-image-2525\" src=\"http:\/\/boloandclaus.com\/web\/wp-content\/uploads\/2012\/05\/11541568_10153422602587996_1250491369_o-2-Copy-1024x508.jpg\" alt=\"11541568_10153422602587996_1250491369_o-2-copy\" width=\"600\" height=\"298\" srcset=\"http:\/\/boloandclaus.com\/web\/wp-content\/uploads\/2012\/05\/11541568_10153422602587996_1250491369_o-2-Copy-1024x508.jpg 1024w, http:\/\/boloandclaus.com\/web\/wp-content\/uploads\/2012\/05\/11541568_10153422602587996_1250491369_o-2-Copy-300x149.jpg 300w, http:\/\/boloandclaus.com\/web\/wp-content\/uploads\/2012\/05\/11541568_10153422602587996_1250491369_o-2-Copy.jpg 1237w\" sizes=\"auto, (max-width: 600px) 100vw, 600px\" \/><\/p>\n<p style=\"text-align: center;\"><b>Si quieres ponerte en contacto con nosotros escr\u00edbenos a la siguiente direcci\u00f3n de correo:<\/b><\/p>\n<p style=\"text-align: center;\"><span style=\"color: #00ffff;\"><strong>boloandclaus@gmail.com<\/strong><\/span><\/p>\n<p style=\"text-align: center;\"><strong>ESPA\u00d1A <\/strong><\/p>\n<p style=\"text-align: center;\"><strong>Christian Hartwig \/ Pedro Serka<\/strong><\/p>\n<p style=\"text-align: center;\"><strong>661-362-921 \/ 633726411<\/strong><\/p>\n<h2 style=\"text-align: center;\">*<\/h2>\n<h3 style=\"text-align: center;\">Distribuci\u00f3n en la Provincia de Granada<\/h3>\n<p><img loading=\"lazy\" decoding=\"async\" class=\"aligncenter wp-image-3166\" src=\"http:\/\/boloandclaus.com\/web\/wp-content\/uploads\/2021\/02\/night-1178790_1280-2-1024x414.jpg\" alt=\"\" width=\"473\" height=\"191\" srcset=\"http:\/\/boloandclaus.com\/web\/wp-content\/uploads\/2021\/02\/night-1178790_1280-2-1024x414.jpg 1024w, http:\/\/boloandclaus.com\/web\/wp-content\/uploads\/2021\/02\/night-1178790_1280-2-300x121.jpg 300w, http:\/\/boloandclaus.com\/web\/wp-content\/uploads\/2021\/02\/night-1178790_1280-2-768x310.jpg 768w, http:\/\/boloandclaus.com\/web\/wp-content\/uploads\/2021\/02\/night-1178790_1280-2.jpg 1235w\" sizes=\"auto, (max-width: 473px) 100vw, 473px\" \/><\/p>\n<p style=\"text-align: center;\">Enrique Acosta Pargas<\/p>\n<p style=\"text-align: center;\">647999329<\/p>\n<p style=\"text-align: center;\">elanoche@gmail.com<\/p>\n<p><\/p>","protected":false},"excerpt":{"rendered":"<p>Si quieres ponerte en contacto con nosotros escr\u00edbenos a la siguiente direcci\u00f3n de correo: boloandclaus@gmail.com ESPA\u00d1A Christian Hartwig \/ Pedro Serka 661-362-921 \/ 633726411 * Distribuci\u00f3n en la Provincia de Granada Enrique Acosta Pargas 647999329 elanoche@gmail.com<\/p>\n","protected":false},"author":2,"featured_media":0,"parent":0,"menu_order":3,"comment_status":"closed","ping_status":"closed","template":"","meta":{"footnotes":""},"class_list":["post-104","page","type-page","status-publish","hentry"],"_links":{"self":[{"href":"http:\/\/boloandclaus.com\/web\/index.php?rest_route=\/wp\/v2\/pages\/104","targetHints":{"allow":["GET"]}}],"collection":[{"href":"http:\/\/boloandclaus.com\/web\/index.php?rest_route=\/wp\/v2\/pages"}],"about":[{"href":"http:\/\/boloandclaus.com\/web\/index.php?rest_route=\/wp\/v2\/types\/page"}],"author":[{"embeddable":true,"href":"http:\/\/boloandclaus.com\/web\/index.php?rest_route=\/wp\/v2\/users\/2"}],"replies":[{"embeddable":true,"href":"http:\/\/boloandclaus.com\/web\/index.php?rest_route=%2Fwp%2Fv2%2Fcomments&post=104"}],"version-history":[{"count":66,"href":"http:\/\/boloandclaus.com\/web\/index.php?rest_route=\/wp\/v2\/pages\/104\/revisions"}],"predecessor-version":[{"id":3490,"href":"http:\/\/boloandclaus.com\/web\/index.php?rest_route=\/wp\/v2\/pages\/104\/revisions\/3490"}],"wp:attachment":[{"href":"http:\/\/boloandclaus.com\/web\/index.php?rest_route=%2Fwp%2Fv2%2Fmedia&parent=104"}],"curies":[{"name":"wp","href":"https:\/\/api.w.org\/{rel}","templated":true}]}}